{"id":7468,"date":"2018-10-28T13:55:24","date_gmt":"2018-10-28T12:55:24","guid":{"rendered":"https:\/\/www.anv.be\/?page_id=7468"},"modified":"2019-06-06T00:19:00","modified_gmt":"2019-06-05T22:19:00","slug":"textes","status":"publish","type":"page","link":"https:\/\/www.anv.be\/fr\/info\/textes\/","title":{"rendered":"Textes"},"content":{"rendered":"<div class=\"two_thirds\">\n<div id=\"bio\">\n<h2>La couleur d\u2019une non-couleur.<\/h2>\n<h4>Dan Holsbeek (2016)<\/h4>\n<p>\u00ab La non-figuration et la reconnaissance sensuelle apparaissent r\u00e9p\u00e9titivement dans l\u2019\u0153uvre de An Vanderlinden, aussi bien dans son proc\u00e9d\u00e9 que dans le r\u00e9sultat final. \u00bb<br \/>\n\u00ab Dispara\u00eetre et appara\u00eetre est un aspect permanent. L\u2019exp\u00e9rience visuelle changeante conna\u00eet son expression dans la peinture \u00e0 l\u2019huile appliqu\u00e9e au pinceau et au couteau \u00e0 palette : son application s\u2019av\u00e8re g\u00e9n\u00e9reuse, irr\u00e9guli\u00e8re et rainur\u00e9e. \u00bb<\/p>\n<p>\u00ab L\u2019\u0153uvre de An Vanderlinden conna\u00eet un mouvement de vagues partant de peintures domin\u00e9es par le noir, passant \u00e0 un travail plus clair et plus color\u00e9, pour finalement retourner \u00e0 un noir quasiment th\u00e9matique. \u00bb<br \/>\n\u00ab Le grand changement dans son \u0153uvre r\u00e9cent est l\u2019usage du charbon, comme moyen de travail et comme image, et tout \u00e0 coup l\u2019apparition de l\u2019image de la Sainte-Barbe. \u00bb<\/p>\n<p>\u00ab Cette nouvelle phase dans l\u2019\u0153uvre de An Vanderlinden quitte les sentiers de la peinture, mais son langage d\u2019images conna\u00eet une expansion du bidimensionnel vers le tridimensionnel. D\u2019abord le bidimensionnel a commenc\u00e9 \u00e0 \u00eatre abandonn\u00e9 combinant l\u2019acrylique \u00e0 la houille concass\u00e9e. Alors son \u0153uvre prenait une allure d\u2019art mat\u00e9rielle. En plus ses travaux sont souvent pr\u00e9sent\u00e9s avec des objets : des b\u00e9nitiers remplis de charbon et pourvus d\u2019une plaque murale repr\u00e9sentant la Saint Barbe. Des objets sacraux sont devenus des v\u00e9hicules pour le terrestre et le transcendent, vu le mat\u00e9riel employ\u00e9. Un \u00e9l\u00e9ment de tension comparable est aussi inh\u00e9rent au charbon, qui d\u2019un c\u00f4t\u00e9 est consid\u00e9r\u00e9 comme poussi\u00e9reux et sale, et d\u2019un autre c\u00f4t\u00e9 qui est porteur d\u2019une beaut\u00e9 mat\u00e9rielle, principalement l\u00e0 o\u00f9 les structures kal\u00e9idoscopiques montrent une richesse vivante de surfaces mates et brillantes. C\u2019est avant tout la caract\u00e9ristique du noir absorbant la lumi\u00e8re, qui font \u00e9vanouir les images sur leur chemin vers le rien et, en plus, qui donnent aux personnages une attitude d\u2019\u00eatre repli\u00e9s sur soi-m\u00eame. \u00bb<\/p>\n<div class=\"post-tags\"><a href=\"https:\/\/www.anv.be\/info\/review\/\">Lisez le texte int\u00e9gral<\/a><\/div>\n<h2>Peintures<\/h2>\n<h4>Fons De Bleser<\/h4>\n<p>\u00ab Dans son langage imag\u00e9 abstrait, l\u2019id\u00e9alisation de la forme \u00e9meut et l\u2019emploi raffin\u00e9 de couleurs a supplant\u00e9 le noir de ses d\u00e9buts. La force de la composition donne \u00e0 ses \u0153uvres une vigueur exceptionnelle, naturelle, sans trouvailles artificielles, trouvant la tension exacte pour traduire ses th\u00e8mes d\u2019une fa\u00e7on esth\u00e9tique La richesse picturale de ses couleurs ajoute des accents po\u00e9tiques qui permettent au spectateur de remplir ses propres r\u00eaves. Gr\u00e2ce \u00e0 des coups de pinceau ais\u00e9s mais vigoureux ou \u00e0 de larges couches de couteau, il na\u00eet du fond d\u2019elle m\u00eame une composition \u00e9quilibr\u00e9e, subtile et sereine \u00e0 laquelle sa nature fougueuse n\u2019est pas \u00e9trang\u00e8re. \u00bb<\/p>\n<h4>E. Boon<\/h4>\n<p>\u00ab Forme, couleur et la pose des accents cr\u00e9ent une atmosph\u00e8re et constituent un ensemble passionnant, se manifestant comme une forme invitant \u00e0 partager une opinion, sans l\u2019imposer. L\u2019 \u0153uvre de An est dynamique et exub\u00e9rante. Les codes personnels, comme la croix et le cercle, dissimul\u00e9s jadis dans ses peintures, deviennent de plus en plus visibles et renforcent cette expression. La force \u00e9mouvante qui en ressort vient surtout de l\u2019emploi de couleurs raffin\u00e9es qui est parfois d\u00e9concertant. \u00bb<\/p>\n<\/div>\n<\/div>\n<div class=\"two_thirds_last\">\n<\/div><div class=\"clear\"><\/div>\n","protected":false},"excerpt":{"rendered":"","protected":false},"author":2,"featured_media":0,"parent":6925,"menu_order":0,"comment_status":"closed","ping_status":"closed","template":"template-full.php","meta":{"footnotes":""},"class_list":["post-7468","page","type-page","status-publish","hentry"],"yoast_head":"<!-- This site is optimized with the Yoast SEO plugin v25.6 - https:\/\/yoast.com\/wordpress\/plugins\/seo\/ -->\n<title>- AnV<\/title>\n<meta name=\"description\" content=\"Textes\" \/>\n<meta name=\"robots\" content=\"index, follow, max-snippet:-1, max-image-preview:large, max-video-preview:-1\" \/>\n<link rel=\"canonical\" href=\"https:\/\/www.anv.be\/fr\/info\/textes\/\" \/>\n<meta property=\"og:locale\" content=\"fr_FR\" \/>\n<meta property=\"og:type\" content=\"article\" \/>\n<meta property=\"og:title\" content=\"- AnV\" \/>\n<meta property=\"og:description\" content=\"Textes\" \/>\n<meta property=\"og:url\" content=\"https:\/\/www.anv.be\/fr\/info\/textes\/\" \/>\n<meta property=\"og:site_name\" content=\"AnV\" \/>\n<meta property=\"article:modified_time\" content=\"2019-06-05T22:19:00+00:00\" \/>\n<meta name=\"twitter:label1\" content=\"Est. reading time\" \/>\n\t<meta name=\"twitter:data1\" content=\"3 minutes\" \/>\n<script type=\"application\/ld+json\" class=\"yoast-schema-graph\">{\"@context\":\"https:\/\/schema.org\",\"@graph\":[{\"@type\":\"WebPage\",\"@id\":\"https:\/\/www.anv.be\/fr\/info\/textes\/\",\"url\":\"https:\/\/www.anv.be\/fr\/info\/textes\/\",\"name\":\"- AnV\",\"isPartOf\":{\"@id\":\"https:\/\/www.anv.be\/#website\"},\"datePublished\":\"2018-10-28T12:55:24+00:00\",\"dateModified\":\"2019-06-05T22:19:00+00:00\",\"description\":\"Textes\",\"breadcrumb\":{\"@id\":\"https:\/\/www.anv.be\/fr\/info\/textes\/#breadcrumb\"},\"inLanguage\":\"fr-FR\",\"potentialAction\":[{\"@type\":\"ReadAction\",\"target\":[\"https:\/\/www.anv.be\/fr\/info\/textes\/\"]}]},{\"@type\":\"BreadcrumbList\",\"@id\":\"https:\/\/www.anv.be\/fr\/info\/textes\/#breadcrumb\",\"itemListElement\":[{\"@type\":\"ListItem\",\"position\":1,\"name\":\"Home\",\"item\":\"https:\/\/www.anv.be\/fr\/\"},{\"@type\":\"ListItem\",\"position\":2,\"name\":\"Info\",\"item\":\"https:\/\/www.anv.be\/fr\/info\/\"},{\"@type\":\"ListItem\",\"position\":3,\"name\":\"Textes\"}]},{\"@type\":\"WebSite\",\"@id\":\"https:\/\/www.anv.be\/#website\",\"url\":\"https:\/\/www.anv.be\/\",\"name\":\"AnV\",\"description\":\"Visual artist An Vanderlinden - Art Portfolio and Blog\",\"publisher\":{\"@id\":\"https:\/\/www.anv.be\/#\/schema\/person\/0925ad32db054cc96fdef761e6a71f68\"},\"potentialAction\":[{\"@type\":\"SearchAction\",\"target\":{\"@type\":\"EntryPoint\",\"urlTemplate\":\"https:\/\/www.anv.be\/?s={search_term_string}\"},\"query-input\":{\"@type\":\"PropertyValueSpecification\",\"valueRequired\":true,\"valueName\":\"search_term_string\"}}],\"inLanguage\":\"fr-FR\"},{\"@type\":[\"Person\",\"Organization\"],\"@id\":\"https:\/\/www.anv.be\/#\/schema\/person\/0925ad32db054cc96fdef761e6a71f68\",\"name\":\"AnV\",\"image\":{\"@type\":\"ImageObject\",\"inLanguage\":\"fr-FR\",\"@id\":\"https:\/\/www.anv.be\/#\/schema\/person\/image\/\",\"url\":\"https:\/\/secure.gravatar.com\/avatar\/bf0ddc1b82b3e70690a84859b31fc644?s=96&d=mm&r=g\",\"contentUrl\":\"https:\/\/secure.gravatar.com\/avatar\/bf0ddc1b82b3e70690a84859b31fc644?s=96&d=mm&r=g\",\"caption\":\"AnV\"},\"logo\":{\"@id\":\"https:\/\/www.anv.be\/#\/schema\/person\/image\/\"},\"description\":\"Belgian visual artist. Developped her own paint out of local coal.\",\"sameAs\":[\"https:\/\/www.anv.be\"]}]}<\/script>\n<!-- \/ Yoast SEO plugin. -->","yoast_head_json":{"title":"- AnV","description":"Textes","robots":{"index":"index","follow":"follow","max-snippet":"max-snippet:-1","max-image-preview":"max-image-preview:large","max-video-preview":"max-video-preview:-1"},"canonical":"https:\/\/www.anv.be\/fr\/info\/textes\/","og_locale":"fr_FR","og_type":"article","og_title":"- AnV","og_description":"Textes","og_url":"https:\/\/www.anv.be\/fr\/info\/textes\/","og_site_name":"AnV","article_modified_time":"2019-06-05T22:19:00+00:00","twitter_misc":{"Est. reading time":"3 minutes"},"schema":{"@context":"https:\/\/schema.org","@graph":[{"@type":"WebPage","@id":"https:\/\/www.anv.be\/fr\/info\/textes\/","url":"https:\/\/www.anv.be\/fr\/info\/textes\/","name":"- AnV","isPartOf":{"@id":"https:\/\/www.anv.be\/#website"},"datePublished":"2018-10-28T12:55:24+00:00","dateModified":"2019-06-05T22:19:00+00:00","description":"Textes","breadcrumb":{"@id":"https:\/\/www.anv.be\/fr\/info\/textes\/#breadcrumb"},"inLanguage":"fr-FR","potentialAction":[{"@type":"ReadAction","target":["https:\/\/www.anv.be\/fr\/info\/textes\/"]}]},{"@type":"BreadcrumbList","@id":"https:\/\/www.anv.be\/fr\/info\/textes\/#breadcrumb","itemListElement":[{"@type":"ListItem","position":1,"name":"Home","item":"https:\/\/www.anv.be\/fr\/"},{"@type":"ListItem","position":2,"name":"Info","item":"https:\/\/www.anv.be\/fr\/info\/"},{"@type":"ListItem","position":3,"name":"Textes"}]},{"@type":"WebSite","@id":"https:\/\/www.anv.be\/#website","url":"https:\/\/www.anv.be\/","name":"AnV","description":"Visual artist An Vanderlinden - Art Portfolio and Blog","publisher":{"@id":"https:\/\/www.anv.be\/#\/schema\/person\/0925ad32db054cc96fdef761e6a71f68"},"potentialAction":[{"@type":"SearchAction","target":{"@type":"EntryPoint","urlTemplate":"https:\/\/www.anv.be\/?s={search_term_string}"},"query-input":{"@type":"PropertyValueSpecification","valueRequired":true,"valueName":"search_term_string"}}],"inLanguage":"fr-FR"},{"@type":["Person","Organization"],"@id":"https:\/\/www.anv.be\/#\/schema\/person\/0925ad32db054cc96fdef761e6a71f68","name":"AnV","image":{"@type":"ImageObject","inLanguage":"fr-FR","@id":"https:\/\/www.anv.be\/#\/schema\/person\/image\/","url":"https:\/\/secure.gravatar.com\/avatar\/bf0ddc1b82b3e70690a84859b31fc644?s=96&d=mm&r=g","contentUrl":"https:\/\/secure.gravatar.com\/avatar\/bf0ddc1b82b3e70690a84859b31fc644?s=96&d=mm&r=g","caption":"AnV"},"logo":{"@id":"https:\/\/www.anv.be\/#\/schema\/person\/image\/"},"description":"Belgian visual artist. Developped her own paint out of local coal.","sameAs":["https:\/\/www.anv.be"]}]}},"_links":{"self":[{"href":"https:\/\/www.anv.be\/fr\/wp-json\/wp\/v2\/pages\/7468\/"}],"collection":[{"href":"https:\/\/www.anv.be\/fr\/wp-json\/wp\/v2\/pages\/"}],"about":[{"href":"https:\/\/www.anv.be\/fr\/wp-json\/wp\/v2\/types\/page\/"}],"author":[{"embeddable":true,"href":"https:\/\/www.anv.be\/fr\/wp-json\/wp\/v2\/users\/2\/"}],"replies":[{"embeddable":true,"href":"https:\/\/www.anv.be\/fr\/wp-json\/wp\/v2\/comments\/?post=7468"}],"version-history":[{"count":2,"href":"https:\/\/www.anv.be\/fr\/wp-json\/wp\/v2\/pages\/7468\/revisions\/"}],"predecessor-version":[{"id":7470,"href":"https:\/\/www.anv.be\/fr\/wp-json\/wp\/v2\/pages\/7468\/revisions\/7470\/"}],"up":[{"embeddable":true,"href":"https:\/\/www.anv.be\/fr\/wp-json\/wp\/v2\/pages\/6925\/"}],"wp:attachment":[{"href":"https:\/\/www.anv.be\/fr\/wp-json\/wp\/v2\/media\/?parent=7468"}],"curies":[{"name":"wp","href":"https:\/\/api.w.org\/{rel}","templated":true}]}}