{"id":7431,"date":"2018-10-28T13:00:09","date_gmt":"2018-10-28T12:00:09","guid":{"rendered":"https:\/\/www.anv.be\/info\/about-an-vanderlinden\/"},"modified":"2019-06-06T00:17:35","modified_gmt":"2019-06-05T22:17:35","slug":"about-an-vanderlinden","status":"publish","type":"page","link":"https:\/\/www.anv.be\/fr\/info\/about-an-vanderlinden\/","title":{"rendered":"\u00e0 propos du An Vanderlinden"},"content":{"rendered":"<h2>UNE ARTISTE AU SANG NOIR<\/h2>\n<p>An Vanderlinden, titulaire d\u2019un master en arts visuelles, aime le noir. Et le charbon.<\/p>\n<p>Elle a grandi dans une famille de mineurs, et elle a \u2013 comme on dit- le sang noir dans les veines<\/p>\n<p>Vanderlinden est fascin\u00e9e par tous les tons de noir et par la lumi\u00e8re refl\u00e9t\u00e9e par le charbon. Elle mart\u00e8le le charbon et le fait passer au tamis obtenant de diff\u00e9rents formats, et l\u2019applique d\u2019une fa\u00e7on structur\u00e9e sur ses toiles noires.<\/p>\n<h2>LA PEINTURE AU PIGMENT DE \u00ab CHARBON DE BERINGEN \u00bb<\/h2>\n<p><img loading=\"lazy\" decoding=\"async\" class=\"polaroid alignleft size-medium\" src=\"https:\/\/www.anv.be\/blog\/wp-content\/uploads\/2018\/09\/01-02_opbouw-schilderij_07-06_IMG_4280-420x280.jpg\" alt=\"\" width=\"300\" height=\"200\" \/> Dans sa qu\u00eate pour une peinture qui soit plus noire que le noir &#8211; d\u00e9but 2017- An commen\u00e7ait \u00e0 triturer du charbon pour obtenir un pigment. Elle a pu conclure de ses exp\u00e9riences que le noir des diff\u00e9rents types de charbon avait un ton diff\u00e9rent. Mais d\u00e9cidemment le charbon de Beringen est le plus noir de tous. Elle a travaill\u00e9 dessus intensivement pendant un an pour en d\u00e9velopper une peinture durable et de qualit\u00e9.<\/p>\n<h2>ARTIST IN RESIDENCE<\/h2>\n<p><img loading=\"lazy\" decoding=\"async\" class=\"alignleft polaroid size-medium wp-image-7219\" src=\"https:\/\/www.anv.be\/blog\/wp-content\/uploads\/2018\/09\/charbon-de-beringen_verf-maken_600px-420x223.jpg\" alt=\"Steenkoolverf Charbon de Beringen - An Vanderlinden\" width=\"300\" height=\"200\" \/>Avec cette peinture elle travaill\u00e9 pendant 4 mois dans le plus beau er plus grand atelier qu\u2019elle pouvait s\u2019imaginer : le hall de la mine de Beringen o\u00f9 on d\u00e9chargeait le charbon avant de le passer au lavoir.<\/p>\n<p>Envahie par l\u2019espace o\u00f9 elle travaillait, ses tableaux font transparaitre de plus en plus l\u2019ambiance qu\u2019elle a v\u00e9cue. D\u2019abord il y avait le d\u00e9sordre, la poussi\u00e8re, et l\u2019obscurit\u00e9 s\u00e9duisante du lavoir \u00e0 charbon. Apr\u00e8s la multitude d\u2019escaliers du b\u00e2timent a trouv\u00e9 une place dans son \u0153uvre, tout autant que les rails et les portes qui restaient ouvertes. La lumi\u00e8re tournoyante qui passe par toutes les portes et qui s\u2019infiltre vers l\u2019int\u00e9rieur devient plus intense de plus qu\u2019il fait chaud, s\u2019av\u00e9rant presque aveuglant dans son dernier tableau.<\/p>\n<h2>SYMBOLISME<\/h2>\n<p><img loading=\"lazy\" decoding=\"async\" class=\"alignleft polaroid size-medium wp-image-7221\" src=\"https:\/\/www.anv.be\/blog\/wp-content\/uploads\/2018\/09\/anv_schilderij-in-opbouw_beringen_07-03-420x280.jpg\" alt=\"\" width=\"300\" height=\"200\" \/> L\u2019\u0153uvre de An traite du respect, de la transition et de l\u2019espoir. Du respect pour la mati\u00e8re qui est le charbon et pour le mineur qui l\u2019a apport\u00e9 \u00e0 la surface. Un mat\u00e9riel qui date de plusieurs si\u00e8cles, et qui, tout comme le b\u00e2timent de la mine, a re\u00e7u un nouveau futur. Un futur rayonnant, tout comme le reflet brillant du charbon.<\/p>\n","protected":false},"excerpt":{"rendered":"<p>UNE ARTISTE AU SANG NOIR An Vanderlinden, titulaire d\u2019un master en arts visuelles, aime le noir. Et le charbon. Elle a grandi dans une famille de mineurs, et elle a \u2013 comme on dit- le sang noir dans les veines Vanderlinden est fascin\u00e9e par tous les tons de noir et [&hellip;]<\/p>\n","protected":false},"author":2,"featured_media":0,"parent":6925,"menu_order":0,"comment_status":"closed","ping_status":"closed","template":"template-full.php","meta":{"footnotes":""},"class_list":["post-7431","page","type-page","status-publish","hentry"],"yoast_head":"<!-- This site is optimized with the Yoast SEO plugin v25.6 - https:\/\/yoast.com\/wordpress\/plugins\/seo\/ -->\n<title>- AnV<\/title>\n<meta name=\"description\" content=\"\u00e0 propos du An Vanderlinden\" \/>\n<meta name=\"robots\" content=\"index, follow, max-snippet:-1, max-image-preview:large, max-video-preview:-1\" \/>\n<link rel=\"canonical\" href=\"https:\/\/www.anv.be\/fr\/info\/about-an-vanderlinden\/\" \/>\n<meta property=\"og:locale\" content=\"fr_FR\" \/>\n<meta property=\"og:type\" content=\"article\" \/>\n<meta property=\"og:title\" content=\"- AnV\" \/>\n<meta property=\"og:description\" content=\"\u00e0 propos du An Vanderlinden\" \/>\n<meta property=\"og:url\" content=\"https:\/\/www.anv.be\/fr\/info\/about-an-vanderlinden\/\" \/>\n<meta property=\"og:site_name\" content=\"AnV\" \/>\n<meta property=\"article:modified_time\" content=\"2019-06-05T22:17:35+00:00\" \/>\n<meta property=\"og:image\" content=\"https:\/\/www.anv.be\/blog\/wp-content\/uploads\/2018\/09\/01-02_opbouw-schilderij_07-06_IMG_4280-420x280.jpg\" \/>\n<meta name=\"twitter:label1\" content=\"Est. reading time\" \/>\n\t<meta name=\"twitter:data1\" content=\"2 minutes\" \/>\n<script type=\"application\/ld+json\" class=\"yoast-schema-graph\">{\"@context\":\"https:\/\/schema.org\",\"@graph\":[{\"@type\":\"WebPage\",\"@id\":\"https:\/\/www.anv.be\/fr\/info\/about-an-vanderlinden\/\",\"url\":\"https:\/\/www.anv.be\/fr\/info\/about-an-vanderlinden\/\",\"name\":\"- AnV\",\"isPartOf\":{\"@id\":\"https:\/\/www.anv.be\/#website\"},\"primaryImageOfPage\":{\"@id\":\"https:\/\/www.anv.be\/fr\/info\/about-an-vanderlinden\/#primaryimage\"},\"image\":{\"@id\":\"https:\/\/www.anv.be\/fr\/info\/about-an-vanderlinden\/#primaryimage\"},\"thumbnailUrl\":\"https:\/\/www.anv.be\/blog\/wp-content\/uploads\/2018\/09\/01-02_opbouw-schilderij_07-06_IMG_4280-420x280.jpg\",\"datePublished\":\"2018-10-28T12:00:09+00:00\",\"dateModified\":\"2019-06-05T22:17:35+00:00\",\"description\":\"\u00e0 propos du An Vanderlinden\",\"breadcrumb\":{\"@id\":\"https:\/\/www.anv.be\/fr\/info\/about-an-vanderlinden\/#breadcrumb\"},\"inLanguage\":\"fr-FR\",\"potentialAction\":[{\"@type\":\"ReadAction\",\"target\":[\"https:\/\/www.anv.be\/fr\/info\/about-an-vanderlinden\/\"]}]},{\"@type\":\"ImageObject\",\"inLanguage\":\"fr-FR\",\"@id\":\"https:\/\/www.anv.be\/fr\/info\/about-an-vanderlinden\/#primaryimage\",\"url\":\"https:\/\/www.anv.be\/blog\/wp-content\/uploads\/2018\/09\/01-02_opbouw-schilderij_07-06_IMG_4280-420x280.jpg\",\"contentUrl\":\"https:\/\/www.anv.be\/blog\/wp-content\/uploads\/2018\/09\/01-02_opbouw-schilderij_07-06_IMG_4280-420x280.jpg\"},{\"@type\":\"BreadcrumbList\",\"@id\":\"https:\/\/www.anv.be\/fr\/info\/about-an-vanderlinden\/#breadcrumb\",\"itemListElement\":[{\"@type\":\"ListItem\",\"position\":1,\"name\":\"Home\",\"item\":\"https:\/\/www.anv.be\/fr\/\"},{\"@type\":\"ListItem\",\"position\":2,\"name\":\"Info\",\"item\":\"https:\/\/www.anv.be\/fr\/info\/\"},{\"@type\":\"ListItem\",\"position\":3,\"name\":\"\u00e0 propos du An Vanderlinden\"}]},{\"@type\":\"WebSite\",\"@id\":\"https:\/\/www.anv.be\/#website\",\"url\":\"https:\/\/www.anv.be\/\",\"name\":\"AnV\",\"description\":\"Visual artist An Vanderlinden - Art Portfolio and Blog\",\"publisher\":{\"@id\":\"https:\/\/www.anv.be\/#\/schema\/person\/0925ad32db054cc96fdef761e6a71f68\"},\"potentialAction\":[{\"@type\":\"SearchAction\",\"target\":{\"@type\":\"EntryPoint\",\"urlTemplate\":\"https:\/\/www.anv.be\/?s={search_term_string}\"},\"query-input\":{\"@type\":\"PropertyValueSpecification\",\"valueRequired\":true,\"valueName\":\"search_term_string\"}}],\"inLanguage\":\"fr-FR\"},{\"@type\":[\"Person\",\"Organization\"],\"@id\":\"https:\/\/www.anv.be\/#\/schema\/person\/0925ad32db054cc96fdef761e6a71f68\",\"name\":\"AnV\",\"image\":{\"@type\":\"ImageObject\",\"inLanguage\":\"fr-FR\",\"@id\":\"https:\/\/www.anv.be\/#\/schema\/person\/image\/\",\"url\":\"https:\/\/secure.gravatar.com\/avatar\/bf0ddc1b82b3e70690a84859b31fc644?s=96&d=mm&r=g\",\"contentUrl\":\"https:\/\/secure.gravatar.com\/avatar\/bf0ddc1b82b3e70690a84859b31fc644?s=96&d=mm&r=g\",\"caption\":\"AnV\"},\"logo\":{\"@id\":\"https:\/\/www.anv.be\/#\/schema\/person\/image\/\"},\"description\":\"Belgian visual artist. Developped her own paint out of local coal.\",\"sameAs\":[\"https:\/\/www.anv.be\"]}]}<\/script>\n<!-- \/ Yoast SEO plugin. -->","yoast_head_json":{"title":"- AnV","description":"\u00e0 propos du An Vanderlinden","robots":{"index":"index","follow":"follow","max-snippet":"max-snippet:-1","max-image-preview":"max-image-preview:large","max-video-preview":"max-video-preview:-1"},"canonical":"https:\/\/www.anv.be\/fr\/info\/about-an-vanderlinden\/","og_locale":"fr_FR","og_type":"article","og_title":"- AnV","og_description":"\u00e0 propos du An Vanderlinden","og_url":"https:\/\/www.anv.be\/fr\/info\/about-an-vanderlinden\/","og_site_name":"AnV","article_modified_time":"2019-06-05T22:17:35+00:00","og_image":[{"url":"https:\/\/www.anv.be\/blog\/wp-content\/uploads\/2018\/09\/01-02_opbouw-schilderij_07-06_IMG_4280-420x280.jpg","type":"","width":"","height":""}],"twitter_misc":{"Est. reading time":"2 minutes"},"schema":{"@context":"https:\/\/schema.org","@graph":[{"@type":"WebPage","@id":"https:\/\/www.anv.be\/fr\/info\/about-an-vanderlinden\/","url":"https:\/\/www.anv.be\/fr\/info\/about-an-vanderlinden\/","name":"- AnV","isPartOf":{"@id":"https:\/\/www.anv.be\/#website"},"primaryImageOfPage":{"@id":"https:\/\/www.anv.be\/fr\/info\/about-an-vanderlinden\/#primaryimage"},"image":{"@id":"https:\/\/www.anv.be\/fr\/info\/about-an-vanderlinden\/#primaryimage"},"thumbnailUrl":"https:\/\/www.anv.be\/blog\/wp-content\/uploads\/2018\/09\/01-02_opbouw-schilderij_07-06_IMG_4280-420x280.jpg","datePublished":"2018-10-28T12:00:09+00:00","dateModified":"2019-06-05T22:17:35+00:00","description":"\u00e0 propos du An Vanderlinden","breadcrumb":{"@id":"https:\/\/www.anv.be\/fr\/info\/about-an-vanderlinden\/#breadcrumb"},"inLanguage":"fr-FR","potentialAction":[{"@type":"ReadAction","target":["https:\/\/www.anv.be\/fr\/info\/about-an-vanderlinden\/"]}]},{"@type":"ImageObject","inLanguage":"fr-FR","@id":"https:\/\/www.anv.be\/fr\/info\/about-an-vanderlinden\/#primaryimage","url":"https:\/\/www.anv.be\/blog\/wp-content\/uploads\/2018\/09\/01-02_opbouw-schilderij_07-06_IMG_4280-420x280.jpg","contentUrl":"https:\/\/www.anv.be\/blog\/wp-content\/uploads\/2018\/09\/01-02_opbouw-schilderij_07-06_IMG_4280-420x280.jpg"},{"@type":"BreadcrumbList","@id":"https:\/\/www.anv.be\/fr\/info\/about-an-vanderlinden\/#breadcrumb","itemListElement":[{"@type":"ListItem","position":1,"name":"Home","item":"https:\/\/www.anv.be\/fr\/"},{"@type":"ListItem","position":2,"name":"Info","item":"https:\/\/www.anv.be\/fr\/info\/"},{"@type":"ListItem","position":3,"name":"\u00e0 propos du An Vanderlinden"}]},{"@type":"WebSite","@id":"https:\/\/www.anv.be\/#website","url":"https:\/\/www.anv.be\/","name":"AnV","description":"Visual artist An Vanderlinden - Art Portfolio and Blog","publisher":{"@id":"https:\/\/www.anv.be\/#\/schema\/person\/0925ad32db054cc96fdef761e6a71f68"},"potentialAction":[{"@type":"SearchAction","target":{"@type":"EntryPoint","urlTemplate":"https:\/\/www.anv.be\/?s={search_term_string}"},"query-input":{"@type":"PropertyValueSpecification","valueRequired":true,"valueName":"search_term_string"}}],"inLanguage":"fr-FR"},{"@type":["Person","Organization"],"@id":"https:\/\/www.anv.be\/#\/schema\/person\/0925ad32db054cc96fdef761e6a71f68","name":"AnV","image":{"@type":"ImageObject","inLanguage":"fr-FR","@id":"https:\/\/www.anv.be\/#\/schema\/person\/image\/","url":"https:\/\/secure.gravatar.com\/avatar\/bf0ddc1b82b3e70690a84859b31fc644?s=96&d=mm&r=g","contentUrl":"https:\/\/secure.gravatar.com\/avatar\/bf0ddc1b82b3e70690a84859b31fc644?s=96&d=mm&r=g","caption":"AnV"},"logo":{"@id":"https:\/\/www.anv.be\/#\/schema\/person\/image\/"},"description":"Belgian visual artist. Developped her own paint out of local coal.","sameAs":["https:\/\/www.anv.be"]}]}},"_links":{"self":[{"href":"https:\/\/www.anv.be\/fr\/wp-json\/wp\/v2\/pages\/7431\/"}],"collection":[{"href":"https:\/\/www.anv.be\/fr\/wp-json\/wp\/v2\/pages\/"}],"about":[{"href":"https:\/\/www.anv.be\/fr\/wp-json\/wp\/v2\/types\/page\/"}],"author":[{"embeddable":true,"href":"https:\/\/www.anv.be\/fr\/wp-json\/wp\/v2\/users\/2\/"}],"replies":[{"embeddable":true,"href":"https:\/\/www.anv.be\/fr\/wp-json\/wp\/v2\/comments\/?post=7431"}],"version-history":[{"count":3,"href":"https:\/\/www.anv.be\/fr\/wp-json\/wp\/v2\/pages\/7431\/revisions\/"}],"predecessor-version":[{"id":8269,"href":"https:\/\/www.anv.be\/fr\/wp-json\/wp\/v2\/pages\/7431\/revisions\/8269\/"}],"up":[{"embeddable":true,"href":"https:\/\/www.anv.be\/fr\/wp-json\/wp\/v2\/pages\/6925\/"}],"wp:attachment":[{"href":"https:\/\/www.anv.be\/fr\/wp-json\/wp\/v2\/media\/?parent=7431"}],"curies":[{"name":"wp","href":"https:\/\/api.w.org\/{rel}","templated":true}]}}