{"id":6925,"date":"2018-02-18T16:30:56","date_gmt":"2018-02-18T15:30:56","guid":{"rendered":"https:\/\/www.anv.be\/info\/"},"modified":"2026-03-16T13:58:19","modified_gmt":"2026-03-16T12:58:19","slug":"info","status":"publish","type":"page","link":"https:\/\/www.anv.be\/fr\/info\/","title":{"rendered":"Info"},"content":{"rendered":"<div class=\"two_thirds\">\n<div id=\"exhibitions\">\n<h2>Programme 2026<\/h2>\n<div class=\"featured\">\n<ul>\n<li>\n<h3>Ado Hamelrijck, An Vanderlinden, Elia Vanderheyden<\/h3>\n<p>Delen Private Bank Hasselt &amp; Uitstalling Art Gallery<br \/>\ninfos expo:\u00a0<a href=\"https:\/\/www.delen.art\/en-be\/exhibition\/hasselt\" target=\"_blank\" rel=\"noopener\">Delen.Art<\/a><br \/>\net <a href=\"https:\/\/www.uitstalling.com\/\">Uitstalling.com<\/a><\/li>\n<li>\n<h3>Bi\u00ebnnale Cultuurvuur 2026<\/h3>\n<h4>01\/05 &gt; 31\/08<\/h4>\n<p>Groepsexpo, Plantentuin, Meise<\/li>\n<li>\n<h3>Zomer van Wechel<\/h3>\n<h4>14\/08 &gt; 30\/08<\/h4>\n<p>Groepsexpo, Wechelderzande<\/li>\n<\/ul>\n<\/div>\n<div class=\"past\">\n<div>\n<h2>Expositions<\/h2>\n<h3>Solo<\/h3>\n<ul>\n<li>2024-06 &gt; 2024-09: &#8216;Man Moved Mountain&#8217;, <a href=\"https:\/\/art.lecharbonnage.com\/an-vanderlinden\" target=\"_blank\" rel=\"noopener\">Le Charbonnage Art Residencies<\/a>, Genk<\/li>\n<li>2022-12-04 &gt; 2023-01-29: &#8216;Sainte Barbe&#8217;, NAC, Houthalen<\/li>\n<li>2022-10-15 &gt; 2023-01-31: &#8216;Charbon de Beringen&#8217; dans l&#8217;expo &#8220;100 jaar Charbon&#8221;, CC Maasmechelen<\/li>\n<li>2022-05: &#8216;Charbon de Beringen&#8217;, Galerie &#8216;Expo 38&#8217;, Hoogstraten<\/li>\n<li>2019-10: &#8216;Charbon de Beringen\u00b2&#8217;, Expo + Atelier Ouvert, Dubbel Ophaalgebouw be-MINE, Beringen<\/li>\n<li>2019-02: &#8216;Charbon de Beringen&#8217;, Centre Culturel Casino, Beringen<\/li>\n<li>2017: An Vanderlinden, de Halte, Heusden-Zolder<\/li>\n<li>16\/17: &#8216;&#8221;ZWART LICHT&#8217; (LA LUMI\u00c8RE DU NOIR) &#8211; peintures et c\u00e9ramique,<br \/>\nGC De Plak &amp; Bib, Diepenbeek<\/li>\n<li>2014: &#8216;&#8221;ST.-BARBARA&#8221; schilderijen en keramiek, Kerkje van Laak, Houthalen<\/li>\n<li>2008: &#8216;Schilderijen&#8217; &#8211; Kerkje van Laak, Houthalen<\/li>\n<li>1998: &#8216;Ef Collection&#8217; &#8211; Cercle Artistique Hasseltois, Hasselt<\/li>\n<li>1996: &#8216;D Collection&#8217; &#8211; Cultural Centre of Zonhoven<\/li>\n<li>1993: UZ Sint-Pieter, Leuven<\/li>\n<li>1993: &#8216;Zwart is niet zwart&#8217; &#8211; Gemeentehuis, Houthalen<\/li>\n<li>1992: &#8216;Zwart is niet zwart&#8217; &#8211; Het Magazijn, Hasselt<\/li>\n<\/ul>\n<\/div>\n<div>\n<h3>Groupe (selection)<\/h3>\n<ul>\n<li>2025 \/ 12 : &#8216;De Kunstwedstrijd Schilderkunst&#8217;, CC Zwaneberg, Heist-op-de-Berg<\/li>\n<li>2025 \/ 06 : &#8216;Black is a colour&#8217;, Gallery Sofie Van den Bussche, Brussel<\/li>\n<li>2025 \/ 06 : &#8216;The Chair&#8217;, Cultural festival MoMeNT, Tongeren<\/li>\n<li>2024 \/ 12 &#8211; 2025 \/ 01: &#8216;Ondergrondse Helden&#8217;, photos Gianni Alessi \/ Peintures An Vanderlinden, CC Muze, ZLDR Luchtfabriek, Heusden-Zolder<\/li>\n<li>2024 \/ 09: &#8216;Revisited 3&#8217;, CC &#8216;t Vondel, Halle<\/li>\n<li>2024 \/ 05 &#8211; 2024 \/ 09: &#8216;Bi\u00ebnnale Cultuurvuur&#8217;, Jardin botanique, Meise <a href=\"https:\/\/naturainspiratus.be\/an-vanderlinden\/\" target=\"_blank\" rel=\"noopener\">infos<\/a><\/li>\n<li>2023 \/ 12: &#8216;Art, Solidarity, Generosity, donation&#8217;, Gallery Ben Benaouisse, Gant<\/li>\n<li>2023 \/ 05: &#8216;I am King&#8217;, curator KunztHuiz, site de l&#8217;abbaye de Herkenrode, Hasselt<\/li>\n<li>2022 \/ 08: &#8216;PLUSSING&#8217;, WARP contemporary art platform, <a href=\"https:\/\/www.warp-art.be\/\" target=\"_blank\" rel=\"noopener\">https:\/\/www.warp-art.be\/<\/a> Sint-Niklaas<\/li>\n<li>2022 \/ 08: &#8216;Buiten Aardse Kunst&#8217;, Aarschot-Langdorp<\/li>\n<li>2022 \/ 08: &#8216;PALIMPSEST #3 LINED UP&#8217; Groupshow YOC, Powered by Gallerie Dessers, Hasselt<\/li>\n<li>2022 \/ 07: &#8216;Sweet Devotion&#8217;, Museum de Mindere, Sint-Truiden<\/li>\n<li>2022 \/ 07: &#8216;Buiten Aardse Kunst&#8217;, Herk-de-Stad<\/li>\n<li>2022 \/ 06: &#8216;A R T I S T I C \u2013 P O S T C A R D S International Mail Art&#8217; organis\u00e9 par Retroavangarda &amp; Korekta Galeria Karekta Warsaw (PL)<\/li>\n<li>2022 \/ 03 : An Vanderlinden | Brigitte D&#8217;hollander | Gonda Martens | Mieke Vanden Eynde; Kunstgalerie &#8216;De Rode Loper&#8217;, Zele &#8211; 12\/03 &#8211; 03\/04 (r\u00e9ouverture apr\u00e8s covid)<\/li>\n<li>2021: An Vanderlinden | Mark Soen | Gonda Martens | Mieke Vanden Eynde; Galerie d&#8217;Art &#8216;De Rode Loper&#8217;, Zele &#8211; 6\/11 &gt; 20\/12<\/li>\n<li>&#8216;ART3f LUXEMBOURG&#8217;, Salon international d&#8217;art contemporain, Luxembourg (LU), r\u00e9pr\u00e9sent\u00e9 par Van Gogh Art Gallery Madrid (ES)<\/li>\n<li>2020: &#8216;THROUGH WALLS&#8217; 26\/01 &#8211; 17\/02\/&#8217;21 selected YOC artists in Gallerie Dessers, Hasselt <a href=\"https:\/\/yoc.today\/walk-through-walls-26-01-17-02-2020\/\" target=\"_blank\" rel=\"noopener\">www.yoc.today<\/a><\/li>\n<li>2019: &#8216;ART=TIC6&#8217; Kunst in het Dorp, OC Terloo Bellingen <a href=\"https:\/\/www.anv.be\/img\/info\/2019\/uitnodigingKID2019.pdf\" target=\"_blank\" rel=\"noopener noreferrer\">invitation (nl, pdf)<\/a><\/li>\n<li class=\"more\">&#8216;KOOL&#8217;, Eeuwfeestgebouw, Beringen. <a href=\"https:\/\/www.anv.be\/img\/info\/2019\/uitnodiging-KOOL.pdf\" target=\"_blank\" rel=\"noopener noreferrer\">invitation (nl, pdf)<\/a><\/li>\n<li>2018: Across borders,\u00a0De Kantfabriek, Ninove<\/li>\n<li>Kunst met een grote H, NAC, Houthalen-Helchteren<\/li>\n<li>2017: &#8216;Suite voor de Laatste Mijn&#8217;, ZLDR Luchtfabriek, Mijnsite, Heusden-Zolder<br \/>\n<a href=\"..\/img\/fotos\/info\/suite-voor-de-laatste-mijn.pdf\" target=\"_blank\" rel=\"noopener noreferrer\">info \/ brochure (pdf)<\/a><\/li>\n<li class=\"more\">Mine-Art &#8220;Erfgoed&#8221;, Casino Waterschei, Genk<\/li>\n<li class=\"more\">Open weekend exporuimte Chadeeni, Leuven<\/li>\n<li>2016: &#8216;Saint Barbe&#8217;, ecomus\u00e9e de Bois-du-Luc, La louvi\u00e8re <a href=\"..\/img\/fotos\/info\/invitation_bois-du-luc.pdf\" target=\"_blank\" rel=\"noopener noreferrer\">invitation (pdf)<\/a><\/li>\n<li class=\"more\">&#8216;Dwarse stilte. Artikel 27\/2016&#8217;, voormalig SFCollege, Heusden-Zolder<\/li>\n<li>2015: &#8216;Mine-Art Holland&#8217;, leegstaand winkelpand, Geleen (NL)<\/li>\n<li>2014: &#8216;breuk lijn&#8217;, (Paul Gees, Sven Verhaeghe, Renato Nicolodi, John Van Oers, An Vanderlinden, Athar Jaber, Eric Vandamme,&#8230;) Koolmijn, Beringen-Mijn <a href=\"..\/img\/fotos\/info\/SANSIIVERIA-Flyer-Uitnodiging.jpg\" target=\"_blank\" rel=\"noopener noreferrer\">invitation\/flyer<\/a><\/li>\n<li class=\"more\">&#8216;BLAUW, een ode aan de blauwe mijnwerkersjassen&#8217;, Casino Beringen.<\/li>\n<li class=\"more\">&#8216;Mine-Art 2&#8217;, Koolmijn Waterschei, Genk.<\/li>\n<li>2012: &#8216;Manifesta 9 Parallel Event MIJN VERLEDEN&#8217;<br \/>\nManu Vandereycken, An Vanderlinden, Jos,\u00a0Genk.<\/li>\n<li>2011: &#8216;De bomen in&#8217; 100 jaar Eisden-Tuinwijk, Eisden-Tuinwijk. <a href=\"..\/img\/fotos\/info\/MM_expo-de-bomen-in_uitn.pdf\" target=\"_blank\" rel=\"noopener noreferrer\">invitation (pdf)<\/a><\/li>\n<li class=\"more\">&#8216;Great Expectations&#8217;, Artikel 27, Heusden-Zolder<\/li>\n<li>2008: Artikel 27, Heusden-Zolder<\/li>\n<li>2007: Marziart Internationale Galerie, Hamburg (D)<\/li>\n<li>2007: &#8216;Stilte &#8230;&#8217; Schilderijen van AnV. ter gelegenheid van &#8216;Ruimte te gebruiken&#8217; &#8211; Hasselt Shots, Z33, Hasselt<\/li>\n<li>2006: Artikel 27, Centrum Duurzaam Bouwen, Heusden- Zolder<\/li>\n<li>2005: Art Event, Antwerpen<\/li>\n<li>2003: &#8220;Artistiek verweven&#8221;, Cultureel Centrum, Hasselt (Magda Cuykx, Nina Haveman, An Vanderlinden &amp; deelnemers kunstatelier Tevona)<\/li>\n<li class=\"more\">&#8220;Overzichtstentoonstelling 30 jaar kunst &gt; campus Gasthuisberg&#8221;, U.Z. Gasthuisberg, Leuven<\/li>\n<li>1999: &#8220;Retrospectieve Kunst in de gang&#8221;, oud-mijngebouw, Houthalen<\/li>\n<li>1996: &#8220;Vijf van bij ons&#8221;, Museum Jos Tysmans, Houthalen<\/li>\n<li>1995: &#8220;Mijn-Tekens&#8221;, C.C. Maasmechelen.<\/li>\n<li>1994 &#8220;De Nederlanden en de Hispanidad&#8221;, Galeria Sala Stephan, Villajoyosa Allicante, Spanje (ES)<\/li>\n<li class=\"more\">No\u00ebl Delaplace, Robert De Wispelaere, Pierre Tack, An Vanderlinden, Hendrik Mertens; Den Artiest, Oostende.<\/li>\n<li class=\"more\">Miet en An Vanderlinden, U.Z. Gasthuisberg, Leuven.<\/li>\n<li class=\"more\">&#8220;Limbarte Junior II&#8221;, Cultuurcentrum Heusden-Zolder.<\/li>\n<li>1991: Selectie Jong Talent &#8220;Unisys Belgium&#8221;<\/li>\n<li>1990: Acad\u00e9mie Royale des Beaux Arts, Brussel.<\/li>\n<li class=\"more\">Laureaten Hoger Kunstonderwijs 90\/91 (VZW De Gulden Sporen) BBL Kortrijk<\/li>\n<\/ul>\n<\/div>\n<\/div>\n<p><!--end past--><\/p>\n<\/div>\n<\/div>\n<div class=\"two_thirds_last\">\n<h2>An Vanderlinden<\/h2>\n<p>\u00b0Koersel, 1969<br \/>\nde\u00a0Houthalen<br \/>\nVit &amp; travaille \u00e0 Diest<br \/>\nMaster of Fine Arts in Painting<br \/>\nPHIKO Hasselt &amp; NHISK Antwerpen<\/p>\n<p>L\u2019artiste visuelle An Vandenlinden est n\u00e9 dans une famille de mineurs du \u201cBeeringen noir\u201d \u2013 une r\u00e9gion mini\u00e8re dans le Limbourg belge. Elle aime le noir. Et elle aime le charbon. Difficilement cela pourrait \u00eatre different.<br \/>\nAn a d\u00e9velopp\u00e9 sa propre peinture, issue du charbon qu\u2019elle a cueilli des bandes de transport dans les anciens \u00e9tablissements miniers: une peinture brune transparante, et une noire plusque noire. En appliquant ces peintures couche par couche en combination avec des gros morceaux de charbon, elle cr\u00e9e dans ses tableaux non seulement une profondeur, mais aussi des tons diff\u00e9rents dans la lumi\u00e8re, des differences de brilliance et de structure. Ses oeuvres se transforment en changeant l\u2019angle de vue.<\/p>\n<p>Son art porte le cachet du pass\u00e9. Paradoxalement on peut considerer son art comme l\u2019imp\u00e9rissable issu de l\u2019\u00e9ph\u00e9m\u00e8re. Le charbon qui a \u00e9t\u00e9 laisse sur les bandes de transport de la mine il y a 30 ans re\u00e7oit une nouveau future. L\u2019obscurit\u00e9 est amen\u00e9e \u00e0 la lumi\u00e8re et elle la donne un futur aussi brilliant que la lumi\u00e8re reflet\u00e9e par le charbon.<\/p>\n<h2>\u00e0 propos du An V.<\/h2>\n<h3>Une artiste au sang noir<\/h3>\n<p><a href=\"https:\/\/www.anv.be\/fr\/info\/about-an-vanderlinden\/\">Lisez le texte int\u00e9gral<\/a><\/p>\n<h2>Revue<\/h2>\n<h3>La couleur d\u2019une non-couleur.<\/h3>\n<p>\u00ab La non-figuration et la reconnaissance sensuelle apparaissent r\u00e9p\u00e9titivement dans l\u2019\u0153uvre de An Vanderlinden, aussi bien dans son proc\u00e9d\u00e9 que dans le r\u00e9sultat final. \u00bb<br \/>\n\u00ab Dispara\u00eetre et appara\u00eetre est un aspect permanent. L\u2019exp\u00e9rience visuelle changeante conna\u00eet son expression dans la peinture \u00e0 l\u2019huile appliqu\u00e9e au pinceau et au couteau \u00e0 palette\u00a0: son application s\u2019av\u00e8re g\u00e9n\u00e9reuse, irr\u00e9guli\u00e8re et rainur\u00e9e. \u00bb<\/p>\n<p>\u00ab L\u2019\u0153uvre de An Vanderlinden conna\u00eet un mouvement de vagues partant de peintures domin\u00e9es par le noir, passant \u00e0 un travail plus clair et plus color\u00e9, pour finalement retourner \u00e0 un noir quasiment th\u00e9matique. \u00bb<br \/>\n\u00ab Le grand changement dans son \u0153uvre r\u00e9cent est l\u2019usage du charbon, comme moyen de travail et comme image, et tout \u00e0 coup l\u2019apparition de l\u2019image de la Sainte-Barbe. \u00bb<br \/>\n<em>Dan Holsbeek (2016)<\/em><\/p>\n<p><a href=\"https:\/\/www.anv.be\/en\/info\/review\/\">Lisez le texte int\u00e9gral &gt;<\/a><\/p>\n<h2>La Presse<\/h2>\n<p>Tout en N\u00e9erlandais :<\/p>\n<p>TV Limburg &#8211; 25\/08\/2024 : la cha\u00eene de t\u00e9l\u00e9vision r\u00e9gionale <a href=\"https:\/\/www.tvl.be\/nieuws\/an-verlinden-exposeert-met-man-moved-mountains-in-le-charbonnage-in-genk-we-moeten-met-zn-allen-bergen-durven-verzetten-170655\" target=\"_blank\" rel=\"noopener noreferrer\">An Vanderlinden exposeert met Man Moved Mountains in Le Charbonnage in Genk: &#8220;We moeten met z&#8217;n allen bergen durven verzetten&#8221;<\/a><\/p>\n<p>Bodem en Kunst &#8211; 06\/2024 : <a href=\"https:\/\/www.anv.be\/blog\/wp-content\/uploads\/2024\/07\/Bodem-en-Kunst_Het-zwartste-zwart-uit-Beringen.pdf\" target=\"_blank\" rel=\"noopener\">Het zwartste zwart uit Beringen<\/a><\/p>\n<p>VRT Radio 2 &#8211; 13\/02\/2019 : <a href=\"https:\/\/radio2.be\/limburg\/mijnwerkersdochter-maakt-kunst-met-steenkool\" target=\"_blank\" rel=\"noopener noreferrer\">Mijnwerkersdochter maakt kunst met steenkool<\/a><\/p>\n<p>VRT Radio 2 &#8211; 13\/02\/2019 : <a href=\"https:\/\/www.anv.be\/blog\/wp-content\/uploads\/2019\/02\/Frag_AnVanderlinden_Radio2_20190213.mp3\" target=\"_blank\" rel=\"noopener noreferrer\">interview<\/a> op Limburg Vandaag<\/p>\n<p>Internetgazet &#8211; 11\/02\/2019 :\u00a0<a href=\"https:\/\/www.internetgazet.be\/beringen\/an-vanderlinden-tovert-met-charbon-de-beringen.aspx\" target=\"_blank\" rel=\"noopener noreferrer\">An Vanderlinden tovert met &#8220;Charbon de Beringen&#8221;<\/a><\/p>\n<p>Radio Demerstad &#8211; 07\/02\/2019 : <a href=\"https:\/\/www.anv.be\/blog\/wp-content\/uploads\/2019\/02\/Frag_AnVanderlinden_20190207_radiodemerstad.mp3\" target=\"_blank\" rel=\"noopener noreferrer\">Interview<\/a> door Willem Doreleijers<\/p>\n<p>Het Laatste Nieuws &#8211; 05\/02\/2019 :\u00a0<a href=\"https:\/\/www.anv.be\/blog\/wp-content\/uploads\/2019\/02\/20180205_HLN.jpg\" target=\"_blank\" rel=\"noopener noreferrer\">An Vanderlinden schildert met steenkool<\/a><\/p>\n<p>TV Limburg &#8211; 25\/07\/2018 : la cha\u00eene de t\u00e9l\u00e9vision r\u00e9gionale <a href=\"https:\/\/www.tvl.be\/nieuws\/kunstenares-maakt-schilderijen-in-oude-mijngebouwen-beringen-62730\" target=\"_blank\" rel=\"noopener noreferrer\">kunstenares maakt schilderijen in oude mijngebouwen Beringen<\/a><\/p>\n<p>Internetgazet &#8211; 25\/07\/2018 : <a href=\"http:\/\/www.internetgazet.be\/an-vanderlinden-schildert-met-steenkool.aspx\" target=\"_blank\" rel=\"noopener noreferrer\">An Vanderlinden schildert met steenkool<\/a><\/p>\n<\/div><div class=\"clear\"><\/div>\n","protected":false},"excerpt":{"rendered":"","protected":false},"author":2,"featured_media":0,"parent":0,"menu_order":0,"comment_status":"closed","ping_status":"closed","template":"","meta":{"footnotes":""},"class_list":["post-6925","page","type-page","status-publish","hentry"],"yoast_head":"<!-- This site is optimized with the Yoast SEO plugin v25.6 - https:\/\/yoast.com\/wordpress\/plugins\/seo\/ -->\n<title>An Vanderlinden artiste plasticienne - AnV<\/title>\n<meta name=\"description\" content=\"Info Explorez l&#039;univers d&#039;An Vanderlinden, artiste plasticienne belge : expositions, d\u00e9marche artistique, critiques et revues de presse.\" \/>\n<meta name=\"robots\" content=\"index, follow, max-snippet:-1, max-image-preview:large, max-video-preview:-1\" \/>\n<link rel=\"canonical\" href=\"https:\/\/www.anv.be\/fr\/info\/\" \/>\n<meta property=\"og:locale\" content=\"fr_FR\" \/>\n<meta property=\"og:type\" content=\"article\" \/>\n<meta property=\"og:title\" content=\"An Vanderlinden artiste plasticienne - AnV\" \/>\n<meta property=\"og:description\" content=\"Info Explorez l&#039;univers d&#039;An Vanderlinden, artiste plasticienne belge : expositions, d\u00e9marche artistique, critiques et revues de presse.\" \/>\n<meta property=\"og:url\" content=\"https:\/\/www.anv.be\/fr\/info\/\" \/>\n<meta property=\"og:site_name\" content=\"AnV\" \/>\n<meta property=\"article:modified_time\" content=\"2026-03-16T12:58:19+00:00\" \/>\n<meta name=\"twitter:label1\" content=\"Est. reading time\" \/>\n\t<meta name=\"twitter:data1\" content=\"6 minutes\" \/>\n<script type=\"application\/ld+json\" class=\"yoast-schema-graph\">{\"@context\":\"https:\/\/schema.org\",\"@graph\":[{\"@type\":\"WebPage\",\"@id\":\"https:\/\/www.anv.be\/fr\/info\/\",\"url\":\"https:\/\/www.anv.be\/fr\/info\/\",\"name\":\"An Vanderlinden artiste plasticienne - AnV\",\"isPartOf\":{\"@id\":\"https:\/\/www.anv.be\/#website\"},\"datePublished\":\"2018-02-18T15:30:56+00:00\",\"dateModified\":\"2026-03-16T12:58:19+00:00\",\"description\":\"Info Explorez l'univers d'An Vanderlinden, artiste plasticienne belge : expositions, d\u00e9marche artistique, critiques et revues de presse.\",\"breadcrumb\":{\"@id\":\"https:\/\/www.anv.be\/fr\/info\/#breadcrumb\"},\"inLanguage\":\"fr-FR\",\"potentialAction\":[{\"@type\":\"ReadAction\",\"target\":[\"https:\/\/www.anv.be\/fr\/info\/\"]}]},{\"@type\":\"BreadcrumbList\",\"@id\":\"https:\/\/www.anv.be\/fr\/info\/#breadcrumb\",\"itemListElement\":[{\"@type\":\"ListItem\",\"position\":1,\"name\":\"Home\",\"item\":\"https:\/\/www.anv.be\/fr\/\"},{\"@type\":\"ListItem\",\"position\":2,\"name\":\"Info\"}]},{\"@type\":\"WebSite\",\"@id\":\"https:\/\/www.anv.be\/#website\",\"url\":\"https:\/\/www.anv.be\/\",\"name\":\"AnV\",\"description\":\"Visual artist An Vanderlinden - Art Portfolio and Blog\",\"publisher\":{\"@id\":\"https:\/\/www.anv.be\/#\/schema\/person\/0925ad32db054cc96fdef761e6a71f68\"},\"potentialAction\":[{\"@type\":\"SearchAction\",\"target\":{\"@type\":\"EntryPoint\",\"urlTemplate\":\"https:\/\/www.anv.be\/?s={search_term_string}\"},\"query-input\":{\"@type\":\"PropertyValueSpecification\",\"valueRequired\":true,\"valueName\":\"search_term_string\"}}],\"inLanguage\":\"fr-FR\"},{\"@type\":[\"Person\",\"Organization\"],\"@id\":\"https:\/\/www.anv.be\/#\/schema\/person\/0925ad32db054cc96fdef761e6a71f68\",\"name\":\"AnV\",\"image\":{\"@type\":\"ImageObject\",\"inLanguage\":\"fr-FR\",\"@id\":\"https:\/\/www.anv.be\/#\/schema\/person\/image\/\",\"url\":\"https:\/\/secure.gravatar.com\/avatar\/bf0ddc1b82b3e70690a84859b31fc644?s=96&d=mm&r=g\",\"contentUrl\":\"https:\/\/secure.gravatar.com\/avatar\/bf0ddc1b82b3e70690a84859b31fc644?s=96&d=mm&r=g\",\"caption\":\"AnV\"},\"logo\":{\"@id\":\"https:\/\/www.anv.be\/#\/schema\/person\/image\/\"},\"description\":\"Belgian visual artist. Developped her own paint out of local coal.\",\"sameAs\":[\"https:\/\/www.anv.be\"]}]}<\/script>\n<!-- \/ Yoast SEO plugin. -->","yoast_head_json":{"title":"An Vanderlinden artiste plasticienne - AnV","description":"Info Explorez l'univers d'An Vanderlinden, artiste plasticienne belge : expositions, d\u00e9marche artistique, critiques et revues de presse.","robots":{"index":"index","follow":"follow","max-snippet":"max-snippet:-1","max-image-preview":"max-image-preview:large","max-video-preview":"max-video-preview:-1"},"canonical":"https:\/\/www.anv.be\/fr\/info\/","og_locale":"fr_FR","og_type":"article","og_title":"An Vanderlinden artiste plasticienne - AnV","og_description":"Info Explorez l'univers d'An Vanderlinden, artiste plasticienne belge : expositions, d\u00e9marche artistique, critiques et revues de presse.","og_url":"https:\/\/www.anv.be\/fr\/info\/","og_site_name":"AnV","article_modified_time":"2026-03-16T12:58:19+00:00","twitter_misc":{"Est. reading time":"6 minutes"},"schema":{"@context":"https:\/\/schema.org","@graph":[{"@type":"WebPage","@id":"https:\/\/www.anv.be\/fr\/info\/","url":"https:\/\/www.anv.be\/fr\/info\/","name":"An Vanderlinden artiste plasticienne - AnV","isPartOf":{"@id":"https:\/\/www.anv.be\/#website"},"datePublished":"2018-02-18T15:30:56+00:00","dateModified":"2026-03-16T12:58:19+00:00","description":"Info Explorez l'univers d'An Vanderlinden, artiste plasticienne belge : expositions, d\u00e9marche artistique, critiques et revues de presse.","breadcrumb":{"@id":"https:\/\/www.anv.be\/fr\/info\/#breadcrumb"},"inLanguage":"fr-FR","potentialAction":[{"@type":"ReadAction","target":["https:\/\/www.anv.be\/fr\/info\/"]}]},{"@type":"BreadcrumbList","@id":"https:\/\/www.anv.be\/fr\/info\/#breadcrumb","itemListElement":[{"@type":"ListItem","position":1,"name":"Home","item":"https:\/\/www.anv.be\/fr\/"},{"@type":"ListItem","position":2,"name":"Info"}]},{"@type":"WebSite","@id":"https:\/\/www.anv.be\/#website","url":"https:\/\/www.anv.be\/","name":"AnV","description":"Visual artist An Vanderlinden - Art Portfolio and Blog","publisher":{"@id":"https:\/\/www.anv.be\/#\/schema\/person\/0925ad32db054cc96fdef761e6a71f68"},"potentialAction":[{"@type":"SearchAction","target":{"@type":"EntryPoint","urlTemplate":"https:\/\/www.anv.be\/?s={search_term_string}"},"query-input":{"@type":"PropertyValueSpecification","valueRequired":true,"valueName":"search_term_string"}}],"inLanguage":"fr-FR"},{"@type":["Person","Organization"],"@id":"https:\/\/www.anv.be\/#\/schema\/person\/0925ad32db054cc96fdef761e6a71f68","name":"AnV","image":{"@type":"ImageObject","inLanguage":"fr-FR","@id":"https:\/\/www.anv.be\/#\/schema\/person\/image\/","url":"https:\/\/secure.gravatar.com\/avatar\/bf0ddc1b82b3e70690a84859b31fc644?s=96&d=mm&r=g","contentUrl":"https:\/\/secure.gravatar.com\/avatar\/bf0ddc1b82b3e70690a84859b31fc644?s=96&d=mm&r=g","caption":"AnV"},"logo":{"@id":"https:\/\/www.anv.be\/#\/schema\/person\/image\/"},"description":"Belgian visual artist. Developped her own paint out of local coal.","sameAs":["https:\/\/www.anv.be"]}]}},"_links":{"self":[{"href":"https:\/\/www.anv.be\/fr\/wp-json\/wp\/v2\/pages\/6925\/"}],"collection":[{"href":"https:\/\/www.anv.be\/fr\/wp-json\/wp\/v2\/pages\/"}],"about":[{"href":"https:\/\/www.anv.be\/fr\/wp-json\/wp\/v2\/types\/page\/"}],"author":[{"embeddable":true,"href":"https:\/\/www.anv.be\/fr\/wp-json\/wp\/v2\/users\/2\/"}],"replies":[{"embeddable":true,"href":"https:\/\/www.anv.be\/fr\/wp-json\/wp\/v2\/comments\/?post=6925"}],"version-history":[{"count":3,"href":"https:\/\/www.anv.be\/fr\/wp-json\/wp\/v2\/pages\/6925\/revisions\/"}],"predecessor-version":[{"id":107676,"href":"https:\/\/www.anv.be\/fr\/wp-json\/wp\/v2\/pages\/6925\/revisions\/107676\/"}],"wp:attachment":[{"href":"https:\/\/www.anv.be\/fr\/wp-json\/wp\/v2\/media\/?parent=6925"}],"curies":[{"name":"wp","href":"https:\/\/api.w.org\/{rel}","templated":true}]}}